{"id":1723,"date":"2021-05-26T17:58:58","date_gmt":"2021-05-26T16:58:58","guid":{"rendered":"http:\/\/villa-victoria-tucepi.com\/o-nama\/"},"modified":"2021-06-10T09:19:14","modified_gmt":"2021-06-10T07:19:14","slug":"ueber-uns","status":"publish","type":"page","link":"http:\/\/villa-victoria-tucepi.com\/de\/ueber-uns\/","title":{"rendered":"\u00dcber uns"},"content":{"rendered":"<p>[vc_row][vc_column][vc_empty_space height=&#8221;64px&#8221;][vc_custom_heading text=&#8221;\u00dcBER APARTHOTEL VILLA VICTORIA&#8221; font_container=&#8221;tag:h5|text_align:center|color:%23b98036&#8243; use_theme_fonts=&#8221;yes&#8221;][vc_custom_heading text=&#8221;Wir machen diesen Ort zu deinem Zuhause&#8221; font_container=&#8221;tag:h1|text_align:center&#8221; use_theme_fonts=&#8221;yes&#8221;][vc_empty_space height=&#8221;64px&#8221;][\/vc_column][\/vc_row][vc_row][vc_column width=&#8221;1\/12&#8243;][\/vc_column][vc_column width=&#8221;1\/3&#8243;][vc_column_text]<\/p>\n<div style=\"line-height: 1.875;\">\n<p>Es ist nicht immer m\u00f6glich, weit \u00fcber die halbe Welt zu fliegen, wenn Sie und ein geliebter Mensch eine private und romantische Reise unternehmen m\u00f6chten. Die gute Nachricht ist, dass Sie nicht viel Geld ausgeben oder sehr weit gehen m\u00fcssen, um von allem und allem wegzukommen. Sie k\u00f6nnen einen g\u00fcnstigen romantischen Urlaub in der N\u00e4he finden und Sie m\u00fcssen m\u00f6glicherweise nicht viel weiter als im Internet suchen, um unsere gro\u00dfartigen Pakete zu finden, die Sie sich leisten k\u00f6nnen.<\/p>\n<p>&nbsp;<\/p>\n<p>Wir empfehlen G\u00e4sten, ihre Ankunft in Kroatien \u00fcber die offizielle Website des Tourismusministeriums der Republik Kroatien anzuk\u00fcndigen, die \u00fcber den Link verf\u00fcgbar ist. Durch das Ausf\u00fcllen des ENTERCROATIA-Formulars ist es f\u00fcr die G\u00e4ste einfacher und schneller, die Grenze der Republik Kroatien zu \u00fcberqueren, und sie werden auch mit den in Kroatien geltenden epidemiologischen Ma\u00dfnahmen vertraut gemacht.<\/p>\n<p>Krankenversicherte B\u00fcrger der Europ\u00e4ischen Union und des Europ\u00e4ischen Wirtschaftsraums (Liechtenstein, Norwegen und Island) und der Schweiz, die \u00fcber eine Europ\u00e4ische Krankenversicherungskarte verf\u00fcgen und die w\u00e4hrend eines vor\u00fcbergehenden Aufenthalts in Kroatien an Coronavirus erkranken, haben das Recht, alle notwendigen oder dringenden Gesundheitsleistungen in Anspruch zu nehmen Pflege<\/p>\n<p>in der Republik Kroatien, die im Zusammenhang mit der Behandlung der genannten Krankheit erforderlich ist und durch die gesetzliche Krankenversicherung abgedeckt ist. F\u00fcr weitere Informationen k\u00f6nnen sich Versicherte an die E-Mail der Nationalen Kontaktstelle f\u00fcr grenz\u00fcberschreitende Gesundheitsversorgung wenden \u2013 ncp-croatia@hzzo.hr.<\/p>\n<\/div>\n<p>[\/vc_column_text][\/vc_column][vc_column width=&#8221;1\/12&#8243;][\/vc_column][vc_column width=&#8221;1\/12&#8243;][\/vc_column][vc_column width=&#8221;1\/3&#8243;][vc_column_text]<\/p>\n<div style=\"line-height: 1.875;\">\n<p>Um Ihnen die Planung einer Reise nach Kroatien zu erleichtern, haben wir Informationen und Ressourcen zusammengestellt, die Ihnen helfen, Ihre Reise so einfach wie m\u00f6glich und ohne unn\u00f6tige Verz\u00f6gerungen zu gestalten.<\/p>\n<p>Die aktuellen Umst\u00e4nde erfordern wahrscheinlich etwas mehr Planung und Informationsbeschaffung, als wir es gewohnt sind. Um Ihnen dabei zu helfen, haben wir relevante Informationen und offizielle Quellen zusammengestellt, mit denen Sie Ihre Reise an die Sonnenk\u00fcste Dalmatiens einfacher planen k\u00f6nnen.<\/p>\n<p>Auf der digitalen Plattform der Europ\u00e4ischen Kommission RE-OPEN EU, erreichbar \u00fcber den Link, erfahren Sie in Echtzeit detaillierte Informationen, die f\u00fcr die Reise- und Urlaubsplanung wichtig sind.<\/p>\n<p>Die Antworten auf die Fragen zur Einreise nach Kroatien finden Sie auf der offiziellen Website des Innenministeriums der Republik Kroatien und \u00fcber das Online-Anfrageformular. Die aufgef\u00fchrten Inhalte sind \u00fcber den Link verf\u00fcgbar.<\/p>\n<p>Dank eines qualitativ hochwertigen \u00f6ffentlichen Gesundheitssystems und hoher epidemiologischer Standards hat Kroatien immer noch eine der besten epidemiologischen Situationen in der Europ\u00e4ischen Union und die am wenigsten aktiven F\u00e4lle unter den EU-Mitgliedern im Mittelmeerraum. Auch Richtlinien f\u00fcr den Fall des Auftretens von Infizierten in touristischen Destinationen sind detailliert ausgearbeitet und allen touristischen Mitarbeitern bekannt.<\/p>\n<\/div>\n<p>[\/vc_column_text][\/vc_column][vc_column width=&#8221;1\/12&#8243;][\/vc_column][\/vc_row][vc_row][vc_column][vc_single_image image=&#8221;1474&#8243; img_size=&#8221;full&#8221; alignment=&#8221;center&#8221; css=&#8221;.vc_custom_1622049211705{margin-top: 64px !important;}&#8221;][\/vc_column][\/vc_row][vc_row][vc_column][vc_empty_space height=&#8221;64px&#8221;][vc_custom_heading text=&#8221;KENNENLERNEN&#8221; font_container=&#8221;tag:h5|text_align:center|color:%23b98036&#8243; use_theme_fonts=&#8221;yes&#8221;][vc_custom_heading text=&#8221;Unsere Einheimischen&#8221; font_container=&#8221;tag:h1|text_align:center&#8221; use_theme_fonts=&#8221;yes&#8221;][vc_empty_space height=&#8221;64px&#8221;][\/vc_column][\/vc_row][vc_row][vc_column width=&#8221;1\/3&#8243;][vc_single_image image=&#8221;1479&#8243; img_size=&#8221;full&#8221; alignment=&#8221;center&#8221;][vc_custom_heading text=&#8221;Lidija&#8221; font_container=&#8221;tag:h2|text_align:center&#8221; use_theme_fonts=&#8221;yes&#8221;][vc_custom_heading text=&#8221;REISEF\u00dcHRER&#8221; font_container=&#8221;tag:h5|text_align:center|color:%23b98036&#8243; use_theme_fonts=&#8221;yes&#8221;][\/vc_column][vc_column width=&#8221;1\/3&#8243;][vc_single_image image=&#8221;1469&#8243; img_size=&#8221;full&#8221; alignment=&#8221;center&#8221;][vc_custom_heading text=&#8221;Marko&#8221; font_container=&#8221;tag:h2|text_align:center&#8221; use_theme_fonts=&#8221;yes&#8221;][vc_custom_heading text=&#8221;KOCH&#8221; font_container=&#8221;tag:h5|text_align:center|color:%23b98036&#8243; use_theme_fonts=&#8221;yes&#8221;][\/vc_column][vc_column width=&#8221;1\/3&#8243;][vc_single_image image=&#8221;1481&#8243; img_size=&#8221;full&#8221; alignment=&#8221;center&#8221;][vc_custom_heading text=&#8221;Maja&#8221; font_container=&#8221;tag:h2|text_align:center&#8221; use_theme_fonts=&#8221;yes&#8221;][vc_custom_heading text=&#8221;MAID&#8221; font_container=&#8221;tag:h5|text_align:center|color:%23b98036&#8243; use_theme_fonts=&#8221;yes&#8221;][\/vc_column][\/vc_row][vc_row][vc_column][vc_empty_space height=&#8221;64px&#8221;][\/vc_column][\/vc_row]<\/p>\n","protected":false},"excerpt":{"rendered":"<p>[vc_row][vc_column][vc_empty_space height=&#8221;64px&#8221;][vc_custom_heading text=&#8221;\u00dcBER APARTHOTEL VILLA VICTORIA&#8221; font_container=&#8221;tag:h5|text_align:center|color:%23b98036&#8243; use_theme_fonts=&#8221;yes&#8221;][vc_custom_heading text=&#8221;Wir machen diesen Ort zu deinem Zuhause&#8221; font_container=&#8221;tag:h1|text_align:center&#8221; use_theme_fonts=&#8221;yes&#8221;][vc_empty_space height=&#8221;64px&#8221;][\/vc_column][\/vc_row][vc_row][vc_column width=&#8221;1\/12&#8243;][\/vc_column][vc_column width=&#8221;1\/3&#8243;][vc_column_text] Es ist nicht immer m\u00f6glich, weit \u00fcber die halbe Welt zu fliegen, wenn Sie und ein geliebter Mensch eine private und romantische Reise unternehmen m\u00f6chten. Die gute Nachricht ist, dass Sie nicht viel Geld ausgeben [&hellip;]<\/p>\n","protected":false},"author":1,"featured_media":0,"parent":0,"menu_order":0,"comment_status":"closed","ping_status":"closed","template":"","meta":{"footnotes":""},"class_list":["post-1723","page","type-page","status-publish","hentry"],"_links":{"self":[{"href":"http:\/\/villa-victoria-tucepi.com\/de\/wp-json\/wp\/v2\/pages\/1723","targetHints":{"allow":["GET"]}}],"collection":[{"href":"http:\/\/villa-victoria-tucepi.com\/de\/wp-json\/wp\/v2\/pages"}],"about":[{"href":"http:\/\/villa-victoria-tucepi.com\/de\/wp-json\/wp\/v2\/types\/page"}],"author":[{"embeddable":true,"href":"http:\/\/villa-victoria-tucepi.com\/de\/wp-json\/wp\/v2\/users\/1"}],"replies":[{"embeddable":true,"href":"http:\/\/villa-victoria-tucepi.com\/de\/wp-json\/wp\/v2\/comments?post=1723"}],"version-history":[{"count":4,"href":"http:\/\/villa-victoria-tucepi.com\/de\/wp-json\/wp\/v2\/pages\/1723\/revisions"}],"predecessor-version":[{"id":1838,"href":"http:\/\/villa-victoria-tucepi.com\/de\/wp-json\/wp\/v2\/pages\/1723\/revisions\/1838"}],"wp:attachment":[{"href":"http:\/\/villa-victoria-tucepi.com\/de\/wp-json\/wp\/v2\/media?parent=1723"}],"curies":[{"name":"wp","href":"https:\/\/api.w.org\/{rel}","templated":true}]}}