{"id":1712,"date":"2020-09-09T05:36:00","date_gmt":"2020-09-09T05:36:00","guid":{"rendered":"http:\/\/villa-victoria-tucepi.com\/home-two\/"},"modified":"2021-06-10T06:12:03","modified_gmt":"2021-06-10T04:12:03","slug":"home-two","status":"publish","type":"page","link":"http:\/\/villa-victoria-tucepi.com\/de\/","title":{"rendered":"Startseite"},"content":{"rendered":"<p>[vc_row full_width=&#8221;stretch_row_content_no_spaces&#8221;][vc_column]\n\t\t\t<!-- START Slider 1 1 REVOLUTION SLIDER 6.3.3 --><p class=\"rs-p-wp-fix\"><\/p>\n\t\t\t<rs-module-wrap id=\"rev_slider_8_1_wrapper\" data-source=\"gallery\" style=\"background:transparent;padding:0;margin:0px auto;margin-top:0;margin-bottom:0;\">\n\t\t\t\t<rs-module id=\"rev_slider_8_1\" style=\"\" data-version=\"6.3.3\">\n\t\t\t\t\t<rs-slides>\n\t\t\t\t\t\t<rs-slide data-key=\"rs-14\" data-title=\"Slide\" data-duration=\"20000ms\" data-anim=\"ei:d;eo:d;s:11439.9;r:0;t:fade;sl:0;\" data-sloop=\"s:1;e:19990;\">\n\t\t\t\t\t\t\t<img decoding=\"async\" src=\"\/\/villa-victoria-tucepi.com\/wp-content\/plugins\/revslider\/public\/assets\/assets\/transparent.png\" alt=\"Slide\" title=\"Startseite\" class=\"rev-slidebg\" data-no-retina>\n<!--\n\t\t\t\t\t\t\t--><rs-layer\n\t\t\t\t\t\t\t\tid=\"slider-8-slide-14-layer-1\" \n\t\t\t\t\t\t\t\tdata-type=\"text\"\n\t\t\t\t\t\t\t\tdata-color=\"#fff\"\n\t\t\t\t\t\t\t\tdata-rsp_ch=\"on\"\n\t\t\t\t\t\t\t\tdata-xy=\"x:c;y:c;yo:-25px;\"\n\t\t\t\t\t\t\t\tdata-text=\"w:normal;s:120;l:50;a:center;\"\n\t\t\t\t\t\t\t\tdata-dim=\"minh:0px;\"\n\t\t\t\t\t\t\t\tdata-frame_1=\"sp:600;\"\n\t\t\t\t\t\t\t\tdata-frame_999=\"o:0;st:w;sR:19400;\"\n\t\t\t\t\t\t\t\tstyle=\"z-index:11;font-family:Arial;\"\n\t\t\t\t\t\t\t>Villa Victoria \n\t\t\t\t\t\t\t<\/rs-layer><!--\n\n\t\t\t\t\t\t\t--><rs-layer\n\t\t\t\t\t\t\t\tid=\"slider-8-slide-14-layer-2\" \n\t\t\t\t\t\t\t\tdata-type=\"text\"\n\t\t\t\t\t\t\t\tdata-color=\"#ffffff\"\n\t\t\t\t\t\t\t\tdata-rsp_ch=\"on\"\n\t\t\t\t\t\t\t\tdata-xy=\"x:c;y:291px;\"\n\t\t\t\t\t\t\t\tdata-text=\"w:normal;s:40;a:center;\"\n\t\t\t\t\t\t\t\tdata-frame_1=\"sp:610;\"\n\t\t\t\t\t\t\t\tdata-frame_999=\"o:0;st:w;sp:480;sR:19390;\"\n\t\t\t\t\t\t\t\tstyle=\"z-index:12;font-family:Roboto;\"\n\t\t\t\t\t\t\t>Willkommen \n\t\t\t\t\t\t\t<\/rs-layer><!--\n\n\t\t\t\t\t\t\t--><rs-layer\n\t\t\t\t\t\t\t\tid=\"slider-8-slide-14-layer-3\" \n\t\t\t\t\t\t\t\tdata-type=\"image\"\n\t\t\t\t\t\t\t\tdata-rsp_ch=\"on\"\n\t\t\t\t\t\t\t\tdata-xy=\"x:c;xo:-10px;y:-303px;\"\n\t\t\t\t\t\t\t\tdata-text=\"w:normal;\"\n\t\t\t\t\t\t\t\tdata-dim=\"w:100%;\"\n\t\t\t\t\t\t\t\tdata-basealign=\"slide\"\n\t\t\t\t\t\t\t\tdata-frame_1=\"st:6000;sp:760;sR:6000;\"\n\t\t\t\t\t\t\t\tdata-frame_999=\"o:0;st:12050;sp:530;sR:5520;\"\n\t\t\t\t\t\t\t\tstyle=\"z-index:9;\"\n\t\t\t\t\t\t\t><img loading=\"lazy\" decoding=\"async\" src=\"\/\/villa-victoria-tucepi.com\/wp-content\/uploads\/2020\/09\/IMG_6002.jpg\" width=\"2500\" height=\"1667\" data-c=\"fullwidth\" data-no-retina> \n\t\t\t\t\t\t\t<\/rs-layer><!--\n\n\t\t\t\t\t\t\t--><rs-layer\n\t\t\t\t\t\t\t\tid=\"slider-8-slide-14-layer-4\" \n\t\t\t\t\t\t\t\tdata-type=\"image\"\n\t\t\t\t\t\t\t\tdata-rsp_ch=\"on\"\n\t\t\t\t\t\t\t\tdata-xy=\"x:-14px;y:-313px;\"\n\t\t\t\t\t\t\t\tdata-text=\"w:normal;\"\n\t\t\t\t\t\t\t\tdata-dim=\"w:100%;\"\n\t\t\t\t\t\t\t\tdata-basealign=\"slide\"\n\t\t\t\t\t\t\t\tdata-frame_999=\"o:0;st:5970;sp:760;sR:5670;\"\n\t\t\t\t\t\t\t\tstyle=\"z-index:10;\"\n\t\t\t\t\t\t\t><img loading=\"lazy\" decoding=\"async\" src=\"\/\/villa-victoria-tucepi.com\/wp-content\/uploads\/2022\/06\/IMG_6158.jpg\" width=\"2500\" height=\"1667\" data-c=\"fullwidth\" data-no-retina> \n\t\t\t\t\t\t\t<\/rs-layer><!--\n\n\t\t\t\t\t\t\t--><rs-layer\n\t\t\t\t\t\t\t\tid=\"slider-8-slide-14-layer-6\" \n\t\t\t\t\t\t\t\tdata-type=\"image\"\n\t\t\t\t\t\t\t\tdata-rsp_ch=\"on\"\n\t\t\t\t\t\t\t\tdata-xy=\"x:-8px;y:-405px;\"\n\t\t\t\t\t\t\t\tdata-text=\"w:normal;\"\n\t\t\t\t\t\t\t\tdata-dim=\"w:100%;\"\n\t\t\t\t\t\t\t\tdata-basealign=\"slide\"\n\t\t\t\t\t\t\t\tdata-frame_1=\"st:12050;sp:530;sR:12050;\"\n\t\t\t\t\t\t\t\tdata-frame_999=\"o:0;st:w;sR:7420;\"\n\t\t\t\t\t\t\t\tstyle=\"z-index:8;\"\n\t\t\t\t\t\t\t><img loading=\"lazy\" decoding=\"async\" src=\"\/\/villa-victoria-tucepi.com\/wp-content\/uploads\/2021\/02\/IMG_5559.jpg\" width=\"2500\" height=\"1667\" data-c=\"fullwidth\" data-no-retina> \n\t\t\t\t\t\t\t<\/rs-layer><!--\n-->\t\t\t\t\t\t<\/rs-slide>\n\t\t\t\t\t\t<rs-slide data-key=\"rs-15\" data-title=\"Slide\" data-anim=\"ei:d;eo:d;t:fade;sl:7;\">\n\t\t\t\t\t\t\t<img decoding=\"async\" src=\"\/\/villa-victoria-tucepi.com\/wp-content\/plugins\/revslider\/public\/assets\/assets\/transparent.png\" alt=\"Slide\" title=\"Startseite\" class=\"rev-slidebg\" data-no-retina>\n<!---->\t\t\t\t\t\t<\/rs-slide>\n\t\t\t\t\t<\/rs-slides>\n\t\t\t\t<\/rs-module>\n\t\t\t\t<script type=\"text\/javascript\">\n\t\t\t\t\tsetREVStartSize({c: 'rev_slider_8_1',rl:[1240,1024,778,480],el:[900],gw:[1240],gh:[900],type:'standard',justify:'',layout:'fullwidth',mh:\"0\"});\n\t\t\t\t\tvar\trevapi8,\n\t\t\t\t\t\ttpj;\n\t\t\t\t\tfunction revinit_revslider81() {\n\t\t\t\t\tjQuery(function() {\n\t\t\t\t\t\ttpj = jQuery;\n\t\t\t\t\t\trevapi8 = tpj(\"#rev_slider_8_1\");\n\t\t\t\t\t\tif(revapi8==undefined || revapi8.revolution == undefined){\n\t\t\t\t\t\t\trevslider_showDoubleJqueryError(\"rev_slider_8_1\");\n\t\t\t\t\t\t}else{\n\t\t\t\t\t\t\trevapi8.revolution({\n\t\t\t\t\t\t\t\tsliderLayout:\"fullwidth\",\n\t\t\t\t\t\t\t\tvisibilityLevels:\"1240,1024,778,480\",\n\t\t\t\t\t\t\t\tgridwidth:1240,\n\t\t\t\t\t\t\t\tgridheight:900,\n\t\t\t\t\t\t\t\tperspective:600,\n\t\t\t\t\t\t\t\tperspectiveType:\"global\",\n\t\t\t\t\t\t\t\teditorheight:\"900,768,960,720\",\n\t\t\t\t\t\t\t\tresponsiveLevels:\"1240,1024,778,480\",\n\t\t\t\t\t\t\t\tprogressBar:{disableProgressBar:true},\n\t\t\t\t\t\t\t\tnavigation: {\n\t\t\t\t\t\t\t\t\tonHoverStop:false\n\t\t\t\t\t\t\t\t},\n\t\t\t\t\t\t\t\tfallbacks: {\n\t\t\t\t\t\t\t\t\tallowHTML5AutoPlayOnAndroid:true\n\t\t\t\t\t\t\t\t},\n\t\t\t\t\t\t\t});\n\t\t\t\t\t\t}\n\t\t\t\t\t\t\n\t\t\t\t\t});\n\t\t\t\t\t} \/\/ End of RevInitScript\n\t\t\t\tvar once_revslider81 = false;\n\t\t\t\tif (document.readyState === \"loading\") {document.addEventListener('readystatechange',function() { if((document.readyState === \"interactive\" || document.readyState === \"complete\") && !once_revslider81 ) { once_revslider81 = true; revinit_revslider81();}});} else {once_revslider81 = true; revinit_revslider81();}\n\t\t\t\t<\/script>\n\t\t\t<\/rs-module-wrap>\n\t\t\t<!-- END REVOLUTION SLIDER -->\n[\/vc_column][\/vc_row][vc_row css=&#8221;.vc_custom_1613747168329{margin-top: 100px !important;}&#8221;][vc_column width=&#8221;1\/2&#8243;][vc_custom_heading text=&#8221;VILLA VICTORIA APPART-HOTEL&#8221; font_container=&#8221;tag:h5|text_align:left|color:%23dd9933&#8243;][vc_custom_heading text=&#8221;F\u00fchlen Sie sich wie in Ihrem eigenen Zuhause!&#8221;][vc_column_text]<strong>WIE ERREICHEN SIE UNS? <\/strong><\/p>\n<p><strong>Mit dem Flugzeug<\/strong><br \/>\nAm Flughafen Split angelangt fahren Sie mit dem Bus oder dem Taxi weiter. Vom Flughafen f\u00e4hrt ein Bus nach Split, der Sie zum F\u00e4hrhafen bringt, wobei der Busfahrplan an den Flugplan angepasst ist. Sie k\u00f6nnen auch ein Taxi oder einen Mietwagen nehmen. Sie k\u00f6nnen sogar die regelm\u00e4\u00dfige Buslinie Nr. 37 nehmen, die im 20-Minuten-Takt vom Flughafen nach Split und Trogir f\u00e4hrt. Je nach Wunsch k\u00f6nnen auch wir die Bef\u00f6rderung vom\/zum Flughafen f\u00fcr Sie organisieren.<\/p>\n<p><strong>Mit dem Bus<\/strong><br \/>\nVon Split aus f\u00e4hrt alle \u00bd Stunde ein Bus nach Tu\u010depi. Nehmen Sie einfach den Bus, der in Richtung Makarska oder Dubrovnik f\u00e4hrt. Nach Ihrer Ankunft am Busbahnhof in Makarska bringen wir Sie gerne kostenlos zur Villa Victoria.<\/p>\n<p><strong>Mit dem Auto<\/strong><br \/>\n\u00dcber die Autobahn bis zur Ausfahrt Tunnel Sveti Ilija. Mehr Informationen dazu erhalten Sie auf der offiziellen Webseite der Kroatischen Autobahnen \u2013 <a href=\"http:\/\/www.hac.hr\/\">www.hac.hr<\/a><\/p>\n<p><strong>Mit dem Zug<\/strong><br \/>\nVon Zagreb oder Rijeka aus k\u00f6nnen Sie Split mit dem Zug erreichen und fahren dann mit dem Bus oder Taxi weiter nach Tu\u010depi. Weitere Informationen dazu erhalten Sie auf der Webseite der Kroatischen Eisenbahnen \u2013 <a href=\"http:\/\/www.hznet.hr\/\">www.hznet.hr<\/a><\/p>\n<p><strong>Mit dem Schiff<\/strong><br \/>\nMit der Linie RIJEKA \u2013 SPLIT oder der Linie SPLIT-ANCONA-SPLIT. Weitere Informationen dazu erhalten Sie auf der Webseite von Jadrolinija \u2013 <a href=\"http:\/\/www.jadrolinija.hr\/\">www.jadrolinija.hr<\/a>[\/vc_column_text][\/vc_column][vc_column width=&#8221;1\/2&#8243;][vc_empty_space height=&#8221;151&#8243;][vc_column_text]<\/p>\n<div class=\"vc_row wpb_row vc_row-fluid vc_custom_1492144470666\">\n<div class=\"wpb_column vc_column_container vc_col-sm-12 vc_col-lg-offset-1 vc_col-lg-5 vc_col-md-offset-1 vc_col-md-5\">\n<div class=\"vc_column-inner vc_custom_1492144735861\">\n<div class=\"wpb_wrapper\">\n<div class=\"wpb_text_column wpb_content_element vc_custom_1610034942825\">\n<div class=\"wpb_wrapper\">\n<p style=\"text-align: left;\"><strong>BESCHREIBUNG VON TUCEPI UND VILLA VICTORIA <\/strong><\/p>\n<p>Sehr geehrte Freunde, herzlichen Dank f\u00fcr Ihren Besuch auf der Webseite der Villa Victoria. Unser neu errichtetes Geb\u00e4ude befindet sich im malerischen Ort Tu\u010depi in der N\u00e4he der Tourismushochburg Makarska, am Fu\u00dfe des Biokovo-Gebirges, nur 120 m von einem der sch\u00f6nsten Adriastr\u00e4nde entfernt.<\/p>\n<p>Wir haben versucht, Ihnen weit entfernt von Ihrem Zuhause ein Heim zu erschaffen, indem wir unsere neuen Appartements mit modernen und neuen M\u00f6beln eingerichtet und mit moderner Technologie ausgestattet haben. Das vierst\u00f6ckige Geb\u00e4ude verf\u00fcgt \u00fcber einen Aufzug der Marke Otis f\u00fcr 6 Personen.<\/p>\n<p>F\u00fcr Ihre Sicherheit und die Ihres Fahrzeugs sorgt eine 24-st\u00fcndige Video\u00fcberwachung. Jedes Appartement hat einen Garagenstellplatz, auf dem auch Fahrr\u00e4der abgestellt werden k\u00f6nnen. Sie k\u00f6nnen auch auf dem Parkplatz im Freien parken. Als Besonderheit befindet sich hier auch eine Ladestation f\u00fcr Elektrofahrzeuge.<\/p>\n<p>Die Leistungen im Geb\u00e4ude sind rund um die Uhr verf\u00fcgbar. Wir stehen Ihnen zur Verf\u00fcgung f\u00fcr die Organisation der Hin- und R\u00fcckfahrt vom\/zum Flughafen Split.<\/p>\n<p><strong>DAS WICHTIGSTE: DIE VILLA VICTORIA BEFINDET SICH IN EINER ABSOLUT RUHIGEN LAGE, DIE IHNEN EINEN ERHOLSAMEN AUFENTHALT GARANTIERT.<\/strong><\/p>\n<p><a class=\"btn-view fz-12 font-600 text-uppercase\" href=\"http:\/\/villa-victoria-tucepi.com\/de\/o-nama\/\">WEITERLESEN<\/a><\/p>\n<\/div>\n<\/div>\n<\/div>\n<\/div>\n<\/div>\n<\/div>\n<div class=\"vc_row wpb_row vc_row-fluid\">\n<div class=\"wpb_column vc_column_container vc_col-sm-12\">\n<div class=\"vc_column-inner\">\n<div class=\"wpb_wrapper\" style=\"text-align: left;\"><\/div>\n<\/div>\n<\/div>\n<\/div>\n<p>[\/vc_column_text][\/vc_column][\/vc_row][vc_row content_placement=&#8221;middle&#8221; el_class=&#8221;section&#8221; css=&#8221;.vc_custom_1613747210220{margin-bottom: 70px !important;}&#8221;][vc_column css_animation=&#8221;fadeIn&#8221;][vc_single_image image=&#8221;1251&#8243; img_size=&#8221;full&#8221; alignment=&#8221;center&#8221;][\/vc_column][\/vc_row][vc_row css=&#8221;.vc_custom_1613756740986{border-top-width: 0px !important;border-right-width: 0px !important;border-bottom-width: 0px !important;border-left-width: 0px !important;border-left-style: ridge !important;border-right-style: ridge !important;border-top-style: ridge !important;border-bottom-style: ridge !important;}&#8221;][vc_column][vc_column_text]<\/p>\n<p style=\"text-align: center;\">Heutzutage ist <strong>Tu\u010depi<\/strong> in erster Linie ein modernes europ\u00e4isches Reiseziel. Es handelt sich um eine alte Ortschaft mit einer langen Geschichte, die sich in Zentraldalmatien in einer der \u00f6kologisch saubersten Mittelmeergegenden befindet. Die Ortschaft Tu\u010depi ist ein idealer Ort f\u00fcr Sport, Freizeit und Vergn\u00fcgen, wobei das ausgesprochen milde Klima sie zu einem ganzj\u00e4hrigen Reiseziel macht.<\/p>\n<p>Dar\u00fcber hinaus kommen Touristen, die sich f\u00fcr einen Besuch und Urlaub in unserer Ortschaft entscheiden, in den Genuss des 4 km langen Kieselstrands, der Seepromenade entlang des gesamten Strandabschnitts und des Kiefernwaldes, vor allem jedoch k\u00f6nnen sie die traditionelle und ber\u00fchmte Gastfreundschaft der Einheimischen genie\u00dfen. Sie k\u00f6nnen zwischen einer Hotel- und einer Privatunterkunft w\u00e4hlen, und es stehen Ihnen zahlreiche Restaurants, Gaststuben und sonstige Gastwirtschaften mit einer reichen Auswahl an traditionellen Speisen und Getr\u00e4nken zur Verf\u00fcgung. Der Ort Tu\u010depi z\u00e4hlt zu den bekanntesten und beliebtesten Reisezielen zahlreicher Touristen, die immer wieder gern hierherkommen.<\/p>\n<p>[\/vc_column_text][\/vc_column][\/vc_row][vc_row][vc_column][vc_single_image image=&#8221;1252&#8243; img_size=&#8221;full&#8221; alignment=&#8221;center&#8221;][\/vc_column][\/vc_row][vc_row css=&#8221;.vc_custom_1621503503581{margin-top: 50px !important;}&#8221;][vc_column][vc_custom_heading text=&#8221;Entdecken Sie unsere Wohnungen&#8221; font_container=&#8221;tag:h1|text_align:center&#8221; use_theme_fonts=&#8221;yes&#8221;][\/vc_column][\/vc_row][vc_row][vc_column][vc_row_inner][vc_column_inner]\t\t<div  class=\"sigma_rooms_wrapper sigma-rooms-2136923347 sigma-shortcode-wrapper rooms-style-1\">\r\n\t\t\t<div class=\"row\">\r\n\t\t\t<div class=\"col-xl-4 col-lg-4 col-md-6 col-sm-12\">\r\n\t\t\t\r\n<article id=\"post-1782\" class=\"sigma-room sigma-room-style-1 post-1782 mphb_room_type type-mphb_room_type status-publish has-post-thumbnail hentry mphb_room_type_category-apartment-de mphb_room_type_facility-briefkasten-de mphb_room_type_facility-fussbodenheizung-de mphb_room_type_facility-haustiere-de mphb_room_type_facility-klimaanlage-de mphb_room_type_facility-kostenloses-highspeed-wlan-de mphb_room_type_facility-kuehlschrank-de mphb_room_type_facility-lcd-satellitenfernsehen-de mphb_room_type_facility-moderne-kueche-de mphb_room_type_facility-rauchen-verboten-de mphb_room_type_facility-videoueberwachung-de mphb-room-type-adults-4 mphb-room-type-children-2\">\r\n\r\n      <a href=\"http:\/\/villa-victoria-tucepi.com\/de\/accommodation\/villa-victoria-vip-appartement\/\" class=\"sigma-room-thumb\">\r\n      <img loading=\"lazy\" decoding=\"async\" width=\"600\" height=\"360\" src=\"http:\/\/villa-victoria-tucepi.com\/wp-content\/uploads\/2021\/02\/IMG_5889-600x360.jpg\" class=\"attachment-miranda-hotel-room size-miranda-hotel-room wp-post-image\" alt=\"\" \/>    <\/a>\r\n  \r\n  <div class=\"sigma-room-body\">\r\n\r\n      <ul class=\"sigma-room-facilities\">\r\n    <li data-toggle=\"tooltip\" title=\"+12 more facilities\">+12<\/li>  <\/ul>\r\n  \r\n    <h2 class=\"mphb-room-type-title entry-title\">\r\n      <a class=\"mphb-room-type-title\" href=\"http:\/\/villa-victoria-tucepi.com\/de\/accommodation\/villa-victoria-vip-appartement\/\">Villa Victoria VIP Appartement<\/a>\r\n    <\/h2>\r\n\r\n\t\t\r\n    \r\n  <\/div>\r\n\r\n<\/article>\r\n\t\t<\/div>\r\n\t\t\t\t<div class=\"col-xl-4 col-lg-4 col-md-6 col-sm-12\">\r\n\t\t\t\r\n<article id=\"post-1801\" class=\"sigma-room sigma-room-style-1 post-1801 mphb_room_type type-mphb_room_type status-publish has-post-thumbnail hentry mphb_room_type_facility-garage-de mphb_room_type_facility-lcd-satellitenfernsehen-de mphb_room_type_facility-mikrowelle-de mphb_room_type_facility-videoueberwachung-de mphb-room-type-adults-4 mphb-room-type-children-2\">\r\n\r\n      <a href=\"http:\/\/villa-victoria-tucepi.com\/de\/accommodation\/villa-victoria-klassisch-appartement\/\" class=\"sigma-room-thumb\">\r\n      <img loading=\"lazy\" decoding=\"async\" width=\"600\" height=\"360\" src=\"http:\/\/villa-victoria-tucepi.com\/wp-content\/uploads\/2021\/02\/IMG_5559-600x360.jpg\" class=\"attachment-miranda-hotel-room size-miranda-hotel-room wp-post-image\" alt=\"\" \/>    <\/a>\r\n  \r\n  <div class=\"sigma-room-body\">\r\n\r\n      <ul class=\"sigma-room-facilities\">\r\n      <\/ul>\r\n  \r\n    <h2 class=\"mphb-room-type-title entry-title\">\r\n      <a class=\"mphb-room-type-title\" href=\"http:\/\/villa-victoria-tucepi.com\/de\/accommodation\/villa-victoria-klassisch-appartement\/\">Villa Victoria Klassisch Appartement<\/a>\r\n    <\/h2>\r\n\r\n\t\t\r\n    \r\n  <\/div>\r\n\r\n<\/article>\r\n\t\t<\/div>\r\n\t\t\t\t<div class=\"col-xl-4 col-lg-4 col-md-6 col-sm-12\">\r\n\t\t\t\r\n<article id=\"post-1818\" class=\"sigma-room sigma-room-style-1 post-1818 mphb_room_type type-mphb_room_type status-publish has-post-thumbnail hentry mphb_room_type_facility-briefkasten-de mphb_room_type_facility-fussbodenheizung-de mphb_room_type_facility-garage-de mphb_room_type_facility-haustiere-de mphb_room_type_facility-klimaanlage-de mphb_room_type_facility-kostenloses-highspeed-wlan-de mphb_room_type_facility-kuehlschrank-de mphb_room_type_facility-mikrowelle-de mphb_room_type_facility-moderne-kueche-de mphb_room_type_facility-rauchen-verboten-de mphb-room-type-adults-4 mphb-room-type-children-2\">\r\n\r\n      <a href=\"http:\/\/villa-victoria-tucepi.com\/de\/accommodation\/villa-victoria-familie-appartement\/\" class=\"sigma-room-thumb\">\r\n      <img loading=\"lazy\" decoding=\"async\" width=\"600\" height=\"360\" src=\"http:\/\/villa-victoria-tucepi.com\/wp-content\/uploads\/2020\/09\/IMG_6002-600x360.jpg\" class=\"attachment-miranda-hotel-room size-miranda-hotel-room wp-post-image\" alt=\"\" \/>    <\/a>\r\n  \r\n  <div class=\"sigma-room-body\">\r\n\r\n      <ul class=\"sigma-room-facilities\">\r\n    <li data-toggle=\"tooltip\" title=\"+6 more facilities\">+6<\/li>  <\/ul>\r\n  \r\n    <h2 class=\"mphb-room-type-title entry-title\">\r\n      <a class=\"mphb-room-type-title\" href=\"http:\/\/villa-victoria-tucepi.com\/de\/accommodation\/villa-victoria-familie-appartement\/\">Villa Victoria Familie Appartement<\/a>\r\n    <\/h2>\r\n\r\n\t\t\r\n    \r\n  <\/div>\r\n\r\n<\/article>\r\n\t\t<\/div>\r\n\t\t<\/div>\r\n\t\t<\/div>\r\n\t\t[\/vc_column_inner][\/vc_row_inner][\/vc_column][\/vc_row][vc_row full_width=&#8221;stretch_row&#8221; content_placement=&#8221;middle&#8221;][vc_column][vc_video link=&#8221;https:\/\/www.youtube.com\/watch?v=IY5KqV-vMBE&amp;t=1s&#8221; align=&#8221;center&#8221; css=&#8221;.vc_custom_1621701437141{margin-top: 32px !important;}&#8221;][\/vc_column][\/vc_row][vc_row css=&#8221;.vc_custom_1621701478815{margin-top: 32px !important;}&#8221;][vc_column][\/vc_column][\/vc_row][vc_row][vc_column][vc_empty_space height=&#8221;64px&#8221;][vc_custom_heading text=&#8221;GENIESSEN SIE DIE VERANSTALTUNGEN&#8221; font_container=&#8221;tag:h5|text_align:left|color:%23dd9933&#8243; use_theme_fonts=&#8221;yes&#8221;][vc_custom_heading text=&#8221;Unsere Veranstaltungen&#8221; font_container=&#8221;tag:h1|text_align:left&#8221; use_theme_fonts=&#8221;yes&#8221;][\/vc_column][\/vc_row][vc_row][vc_column][vc_empty_space height=&#8221;64px&#8221;][vc_custom_heading text=&#8221;EXKLUSIVE ANGEBOTE&#8221; font_container=&#8221;tag:h5|text_align:left|color:%23dd9933&#8243; use_theme_fonts=&#8221;yes&#8221;][vc_custom_heading text=&#8221;Touristische Arrangements Tucepi&#8221; font_container=&#8221;tag:h1|text_align:left&#8221; use_theme_fonts=&#8221;yes&#8221;][\/vc_column][\/vc_row]<\/p>\n","protected":false},"excerpt":{"rendered":"<p>[vc_row full_width=&#8221;stretch_row_content_no_spaces&#8221;][vc_column][\/vc_column][\/vc_row][vc_row css=&#8221;.vc_custom_1613747168329{margin-top: 100px !important;}&#8221;][vc_column width=&#8221;1\/2&#8243;][vc_custom_heading text=&#8221;VILLA VICTORIA APPART-HOTEL&#8221; font_container=&#8221;tag:h5|text_align:left|color:%23dd9933&#8243;][vc_custom_heading text=&#8221;F\u00fchlen Sie sich wie in Ihrem eigenen Zuhause!&#8221;][vc_column_text]WIE ERREICHEN SIE UNS? Mit dem Flugzeug Am Flughafen Split angelangt fahren Sie mit dem Bus oder dem Taxi weiter. Vom Flughafen f\u00e4hrt ein Bus nach Split, der Sie zum F\u00e4hrhafen bringt, wobei der Busfahrplan an den Flugplan [&hellip;]<\/p>\n","protected":false},"author":1,"featured_media":0,"parent":0,"menu_order":0,"comment_status":"closed","ping_status":"closed","template":"","meta":{"footnotes":""},"class_list":["post-1712","page","type-page","status-publish","hentry"],"_links":{"self":[{"href":"http:\/\/villa-victoria-tucepi.com\/de\/wp-json\/wp\/v2\/pages\/1712","targetHints":{"allow":["GET"]}}],"collection":[{"href":"http:\/\/villa-victoria-tucepi.com\/de\/wp-json\/wp\/v2\/pages"}],"about":[{"href":"http:\/\/villa-victoria-tucepi.com\/de\/wp-json\/wp\/v2\/types\/page"}],"author":[{"embeddable":true,"href":"http:\/\/villa-victoria-tucepi.com\/de\/wp-json\/wp\/v2\/users\/1"}],"replies":[{"embeddable":true,"href":"http:\/\/villa-victoria-tucepi.com\/de\/wp-json\/wp\/v2\/comments?post=1712"}],"version-history":[{"count":7,"href":"http:\/\/villa-victoria-tucepi.com\/de\/wp-json\/wp\/v2\/pages\/1712\/revisions"}],"predecessor-version":[{"id":1733,"href":"http:\/\/villa-victoria-tucepi.com\/de\/wp-json\/wp\/v2\/pages\/1712\/revisions\/1733"}],"wp:attachment":[{"href":"http:\/\/villa-victoria-tucepi.com\/de\/wp-json\/wp\/v2\/media?parent=1712"}],"curies":[{"name":"wp","href":"https:\/\/api.w.org\/{rel}","templated":true}]}}